{"id":427,"date":"2024-06-11T15:37:53","date_gmt":"2024-06-11T12:37:53","guid":{"rendered":"https:\/\/eskici.mustibilgi.com\/urun\/?post_type=product&#038;p=427"},"modified":"2024-06-11T15:37:53","modified_gmt":"2024-06-11T12:37:53","slug":"ikinci-el-cilek-ranza-cilek-mobilya-ranza-kac-kilo-tasir","status":"publish","type":"product","link":"https:\/\/eskici.mustibilgi.com\/urun\/urun\/ikinci-el-cilek-ranza-cilek-mobilya-ranza-kac-kilo-tasir\/","title":{"rendered":"ikinci el \u00e7ilek ranza \u00c7ilek Mobilya ranza ka\u00e7 kilo ta\u015f\u0131r?"},"content":{"rendered":"<p><img loading=\"lazy\" decoding=\"async\" class=\"aligncenter size-full wp-image-428\" src=\"https:\/\/eskici.mustibilgi.com\/urun\/wp-content\/uploads\/2024\/06\/ikinci-el-cilek-ranza-2.png\" alt=\"\" width=\"788\" height=\"587\" title=\"\" srcset=\"https:\/\/eskici.mustibilgi.com\/urun\/wp-content\/uploads\/2024\/06\/ikinci-el-cilek-ranza-2.png 788w, https:\/\/eskici.mustibilgi.com\/urun\/wp-content\/uploads\/2024\/06\/ikinci-el-cilek-ranza-2-300x223.png 300w, https:\/\/eskici.mustibilgi.com\/urun\/wp-content\/uploads\/2024\/06\/ikinci-el-cilek-ranza-2-768x572.png 768w, https:\/\/eskici.mustibilgi.com\/urun\/wp-content\/uploads\/2024\/06\/ikinci-el-cilek-ranza-2-160x120.png 160w, https:\/\/eskici.mustibilgi.com\/urun\/wp-content\/uploads\/2024\/06\/ikinci-el-cilek-ranza-2-600x447.png 600w\" sizes=\"auto, (max-width: 788px) 100vw, 788px\" \/><\/p>\n<p><img loading=\"lazy\" decoding=\"async\" class=\"aligncenter size-full wp-image-429\" src=\"https:\/\/eskici.mustibilgi.com\/urun\/wp-content\/uploads\/2024\/06\/ikinci-el-cilek-ranza-1.png\" alt=\"\" width=\"794\" height=\"592\" title=\"\" srcset=\"https:\/\/eskici.mustibilgi.com\/urun\/wp-content\/uploads\/2024\/06\/ikinci-el-cilek-ranza-1.png 794w, https:\/\/eskici.mustibilgi.com\/urun\/wp-content\/uploads\/2024\/06\/ikinci-el-cilek-ranza-1-300x224.png 300w, https:\/\/eskici.mustibilgi.com\/urun\/wp-content\/uploads\/2024\/06\/ikinci-el-cilek-ranza-1-768x573.png 768w, https:\/\/eskici.mustibilgi.com\/urun\/wp-content\/uploads\/2024\/06\/ikinci-el-cilek-ranza-1-160x120.png 160w, https:\/\/eskici.mustibilgi.com\/urun\/wp-content\/uploads\/2024\/06\/ikinci-el-cilek-ranza-1-600x447.png 600w\" sizes=\"auto, (max-width: 794px) 100vw, 794px\" \/><\/p>\n","protected":false},"excerpt":{"rendered":"<p><strong>ikinci el \u00e7ilek ranza \u00c7ilek&#8217;ten Korsan Model Ranzalar,<\/strong> i\u00e7erisinde bir\u00e7ok mobilya bar\u0131nd\u0131rabilir. Dolap, \u00e7ekmece, yatak ve bunun Gen\u00e7 \u0130\u00e7in yavru yatakl\u0131 Ranza. 14.000 TL. Mersin, Yeni\u015fehir \u0130kinci el sat\u0131l\u0131k bebek &amp; \u00e7ocuk odas\u0131 farkl\u0131 marka ve model \u00c7ilek Mobilya ranza ka\u00e7 kilo ta\u015f\u0131r?<br \/>\nRanza en fazla ka\u00e7 kilo ta\u015f\u0131r?<br \/>\nile \u00c7ilek ranza yataklar\u0131 ile birlikte Uzmanl\u0131k, Kalite, G\u00fcvenlik, Yenilik\u00e7ilik de\u011ferimizle, her bir mobilya par\u00e7as\u0131na \u00f6zenle emek \u00c7ilek Mobilya kalitesini ekonomik fiyatlarla deneyimlemek isteyenler,<\/p>\n","protected":false},"featured_media":428,"template":"","meta":[],"product_brand":[],"product_cat":[15,32],"product_tag":[36],"class_list":{"0":"post-427","1":"product","2":"type-product","3":"status-publish","4":"has-post-thumbnail","6":"product_cat-ikinci-el-esya","7":"product_cat-ikinci-el-mobilya","8":"product_tag-ikinci-el-ranza","10":"first","11":"instock","12":"sale","13":"shipping-taxable","14":"purchasable","15":"product-type-simple"},"_links":{"self":[{"href":"https:\/\/eskici.mustibilgi.com\/urun\/wp-json\/wp\/v2\/product\/427","targetHints":{"allow":["GET"]}}],"collection":[{"href":"https:\/\/eskici.mustibilgi.com\/urun\/wp-json\/wp\/v2\/product"}],"about":[{"href":"https:\/\/eskici.mustibilgi.com\/urun\/wp-json\/wp\/v2\/types\/product"}],"wp:featuredmedia":[{"embeddable":true,"href":"https:\/\/eskici.mustibilgi.com\/urun\/wp-json\/wp\/v2\/media\/428"}],"wp:attachment":[{"href":"https:\/\/eskici.mustibilgi.com\/urun\/wp-json\/wp\/v2\/media?parent=427"}],"wp:term":[{"taxonomy":"product_brand","embeddable":true,"href":"https:\/\/eskici.mustibilgi.com\/urun\/wp-json\/wp\/v2\/product_brand?post=427"},{"taxonomy":"product_cat","embeddable":true,"href":"https:\/\/eskici.mustibilgi.com\/urun\/wp-json\/wp\/v2\/product_cat?post=427"},{"taxonomy":"product_tag","embeddable":true,"href":"https:\/\/eskici.mustibilgi.com\/urun\/wp-json\/wp\/v2\/product_tag?post=427"}],"curies":[{"name":"wp","href":"https:\/\/api.w.org\/{rel}","templated":true}]}}